{"id":109,"date":"2023-12-14T16:19:29","date_gmt":"2023-12-14T15:19:29","guid":{"rendered":"https:\/\/bebdental.it\/?page_id=109"},"modified":"2024-06-18T12:30:08","modified_gmt":"2024-06-18T10:30:08","slug":"chi-siamo","status":"publish","type":"page","link":"https:\/\/busy-hofstadter.185-221-172-230.plesk.page\/it\/pazienti\/chi-siamo\/","title":{"rendered":"Chi Siamo"},"content":{"rendered":"\t\t<div data-elementor-type=\"wp-page\" data-elementor-id=\"109\" class=\"elementor elementor-109\" data-elementor-post-type=\"page\">\n\t\t\t\t\t\t<section class=\"elementor-section elementor-top-section elementor-element elementor-element-45b68cb elementor-section-height-min-height elementor-section-boxed elementor-section-height-default elementor-section-items-middle\" data-id=\"45b68cb\" data-element_type=\"section\" data-settings=\"{&quot;background_background&quot;:&quot;video&quot;,&quot;background_video_link&quot;:&quot;https:\\\/\\\/www.youtube.com\\\/embed\\\/2XxxEF3wg-4&quot;,&quot;background_play_on_mobile&quot;:&quot;yes&quot;,&quot;background_privacy_mode&quot;:&quot;yes&quot;}\">\n\t\t\t\t\t\t\t\t<div class=\"elementor-background-video-container\">\n\t\t\t\t\t\t\t\t\t\t\t\t\t<div class=\"elementor-background-video-embed\"><\/div>\n\t\t\t\t\t\t\t\t\t\t\t\t<\/div>\n\t\t\t\t\t\t\t\t<div class=\"elementor-container elementor-column-gap-default\">\n\t\t\t\t\t<div class=\"elementor-column elementor-col-100 elementor-top-column elementor-element elementor-element-14f60de\" data-id=\"14f60de\" data-element_type=\"column\">\n\t\t\t<div class=\"elementor-widget-wrap\">\n\t\t\t\t\t\t\t<\/div>\n\t\t<\/div>\n\t\t\t\t\t<\/div>\n\t\t<\/section>\n\t\t\t\t<section class=\"elementor-section elementor-top-section elementor-element elementor-element-1af7fee elementor-section-boxed elementor-section-height-default elementor-section-height-default\" data-id=\"1af7fee\" data-element_type=\"section\">\n\t\t\t\t\t\t<div class=\"elementor-container elementor-column-gap-default\">\n\t\t\t\t\t<div class=\"elementor-column elementor-col-100 elementor-top-column elementor-element elementor-element-ef57f35\" data-id=\"ef57f35\" data-element_type=\"column\">\n\t\t\t<div class=\"elementor-widget-wrap elementor-element-populated\">\n\t\t\t\t\t\t<div class=\"elementor-element elementor-element-393cc1b elementor-widget elementor-widget-heading\" data-id=\"393cc1b\" data-element_type=\"widget\" data-widget_type=\"heading.default\">\n\t\t\t\t<div class=\"elementor-widget-container\">\n\t\t\t\t\t<h1 class=\"elementor-heading-title elementor-size-default\">LA NOSTRA STORIA<\/h1>\t\t\t\t<\/div>\n\t\t\t\t<\/div>\n\t\t\t\t<section class=\"elementor-section elementor-inner-section elementor-element elementor-element-45aa8a3 elementor-section-boxed elementor-section-height-default elementor-section-height-default\" data-id=\"45aa8a3\" data-element_type=\"section\">\n\t\t\t\t\t\t<div class=\"elementor-container elementor-column-gap-default\">\n\t\t\t\t\t<div class=\"elementor-column elementor-col-50 elementor-inner-column elementor-element elementor-element-da21f5a\" data-id=\"da21f5a\" data-element_type=\"column\">\n\t\t\t<div class=\"elementor-widget-wrap elementor-element-populated\">\n\t\t\t\t\t\t<div class=\"elementor-element elementor-element-01aa158 elementor-widget elementor-widget-heading\" data-id=\"01aa158\" data-element_type=\"widget\" data-widget_type=\"heading.default\">\n\t\t\t\t<div class=\"elementor-widget-container\">\n\t\t\t\t\t<h5 class=\"elementor-heading-title elementor-size-default\">L\u2019AZIENDA<\/h5>\t\t\t\t<\/div>\n\t\t\t\t<\/div>\n\t\t\t\t<div class=\"elementor-element elementor-element-78f5849 elementor-widget elementor-widget-text-editor\" data-id=\"78f5849\" data-element_type=\"widget\" data-widget_type=\"text-editor.default\">\n\t\t\t\t<div class=\"elementor-widget-container\">\n\t\t\t\t\t\t\t\t\t<p>B. &amp; B. Dental S.r.l. \u00e8 una societ\u00e0 italiana leader nel campo dell\u2019implantologia orale. \u00e8 specializzata nella progettazione di impianti dentali e materiali per la rigenerazione ossea e grazie all\u2019esperienza acquisita negli anni \u00e8 riuscita a sviluppare tecnologie implanto-protesiche e materiali innovativi di alto livello qualitativo.<\/p><p>L\u2019innovazione \u00e8 il cuore dell\u2019approccio di B. &amp; B. Dental.<\/p><p>La gamma di offerta di B. &amp; B. Dental \u00e8 concepita da chirurghi odontoiatri per chirurghi odontoiatri spalleggiati da ingegneri esperti in implantologia e l\u2019innovazione \u00e8 assolutamente uno dei obiettivi fondamentali che viene perseguito. Infatti i prodotti e la tecnologia B. &amp; B. Dental sono in costante sviluppo e miglioramento per riuscire a soddisfare le esigenze dei propri clienti, assicurando al paziente il benessere della sua bocca e del suo sorriso.<span class=\"Apple-converted-space\">\u00a0<\/span><\/p>\t\t\t\t\t\t\t\t<\/div>\n\t\t\t\t<\/div>\n\t\t\t\t\t<\/div>\n\t\t<\/div>\n\t\t\t\t<div class=\"elementor-column elementor-col-50 elementor-inner-column elementor-element elementor-element-0f73b51\" data-id=\"0f73b51\" data-element_type=\"column\">\n\t\t\t<div class=\"elementor-widget-wrap elementor-element-populated\">\n\t\t\t\t\t\t<div class=\"elementor-element elementor-element-96acf02 elementor-widget elementor-widget-video\" data-id=\"96acf02\" data-element_type=\"widget\" data-settings=\"{&quot;youtube_url&quot;:&quot;https:\\\/\\\/youtu.be\\\/Sf3KOyj0rBQ&quot;,&quot;modestbranding&quot;:&quot;yes&quot;,&quot;yt_privacy&quot;:&quot;yes&quot;,&quot;lazy_load&quot;:&quot;yes&quot;,&quot;video_type&quot;:&quot;youtube&quot;,&quot;controls&quot;:&quot;yes&quot;}\" data-widget_type=\"video.default\">\n\t\t\t\t<div class=\"elementor-widget-container\">\n\t\t\t\t\t\t\t<div class=\"elementor-wrapper elementor-open-inline\">\n\t\t\t<div class=\"elementor-video\"><\/div>\t\t<\/div>\n\t\t\t\t\t\t<\/div>\n\t\t\t\t<\/div>\n\t\t\t\t\t<\/div>\n\t\t<\/div>\n\t\t\t\t\t<\/div>\n\t\t<\/section>\n\t\t\t\t<section class=\"elementor-section elementor-inner-section elementor-element elementor-element-ad2ff9f elementor-section-boxed elementor-section-height-default elementor-section-height-default\" data-id=\"ad2ff9f\" data-element_type=\"section\">\n\t\t\t\t\t\t<div class=\"elementor-container elementor-column-gap-default\">\n\t\t\t\t\t<div class=\"elementor-column elementor-col-100 elementor-inner-column elementor-element elementor-element-0de568e\" data-id=\"0de568e\" data-element_type=\"column\">\n\t\t\t<div class=\"elementor-widget-wrap elementor-element-populated\">\n\t\t\t\t\t\t<div class=\"elementor-element elementor-element-33af052 elementor-widget elementor-widget-heading\" data-id=\"33af052\" data-element_type=\"widget\" data-widget_type=\"heading.default\">\n\t\t\t\t<div class=\"elementor-widget-container\">\n\t\t\t\t\t<h5 class=\"elementor-heading-title elementor-size-default\">Qualit\u00e0<\/h5>\t\t\t\t<\/div>\n\t\t\t\t<\/div>\n\t\t\t\t<div class=\"elementor-element elementor-element-56b3fed elementor-widget elementor-widget-text-editor\" data-id=\"56b3fed\" data-element_type=\"widget\" data-widget_type=\"text-editor.default\">\n\t\t\t\t<div class=\"elementor-widget-container\">\n\t\t\t\t\t\t\t\t\t<p>Tutti i prodotti proposti da B. &amp; B. Dental si distinguono per il loro alto valore qualitativo.<span class=\"Apple-converted-space\"><br \/><\/span>Sofisticati sistemi di gestione controllano costantemente tutte le fasi produttive, intervenendo in modo automatico sui processi in corso, in caso di scostamenti rispetto ai parametri impostati. Il controllo della produzione si basa su protocolli definiti SPC (Statistic Process Control), nei quali vengono fissate la quantit\u00e0 e la frequenza (secondo la tipologia del prodotto) e i criteri di accettabilit\u00e0. La qualit\u00e0 della produzione \u00e8 conforme alle normative EN ISO 13485 e alla Direttiva 93\/42\/CEE relative ai dispositivi medici.<\/p>\t\t\t\t\t\t\t\t<\/div>\n\t\t\t\t<\/div>\n\t\t\t\t\t<\/div>\n\t\t<\/div>\n\t\t\t\t\t<\/div>\n\t\t<\/section>\n\t\t\t\t\t<\/div>\n\t\t<\/div>\n\t\t\t\t\t<\/div>\n\t\t<\/section>\n\t\t\t\t<section class=\"elementor-section elementor-top-section elementor-element elementor-element-ee35796 elementor-section-full_width elementor-section-height-default elementor-section-height-default\" data-id=\"ee35796\" data-element_type=\"section\">\n\t\t\t\t\t\t<div class=\"elementor-container elementor-column-gap-default\">\n\t\t\t\t\t<div class=\"elementor-column elementor-col-100 elementor-top-column elementor-element elementor-element-ae20288\" data-id=\"ae20288\" data-element_type=\"column\">\n\t\t\t<div class=\"elementor-widget-wrap elementor-element-populated\">\n\t\t\t\t\t\t<div class=\"elementor-element elementor-element-d3d22f2 elementor-widget elementor-widget-template\" data-id=\"d3d22f2\" data-element_type=\"widget\" data-widget_type=\"template.default\">\n\t\t\t\t<div class=\"elementor-widget-container\">\n\t\t\t\t\t\t\t<div class=\"elementor-template\">\n\t\t\t\t\t<div data-elementor-type=\"section\" data-elementor-id=\"81\" class=\"elementor elementor-81\" data-elementor-post-type=\"elementor_library\">\n\t\t\t\t\t<section class=\"elementor-section elementor-top-section elementor-element elementor-element-5832986 elementor-section-full_width elementor-section-height-min-height elementor-section-height-default elementor-section-items-middle\" data-id=\"5832986\" data-element_type=\"section\" data-settings=\"{&quot;background_background&quot;:&quot;classic&quot;}\">\n\t\t\t\t\t\t<div class=\"elementor-container elementor-column-gap-default\">\n\t\t\t\t\t<div class=\"elementor-column elementor-col-100 elementor-top-column elementor-element elementor-element-484853a\" data-id=\"484853a\" data-element_type=\"column\">\n\t\t\t<div class=\"elementor-widget-wrap elementor-element-populated\">\n\t\t\t\t\t\t<section class=\"elementor-section elementor-inner-section elementor-element elementor-element-2972464 elementor-section-boxed elementor-section-height-default elementor-section-height-default\" data-id=\"2972464\" data-element_type=\"section\">\n\t\t\t\t\t\t<div class=\"elementor-container elementor-column-gap-default\">\n\t\t\t\t\t<div class=\"elementor-column elementor-col-50 elementor-inner-column elementor-element elementor-element-18936a9\" data-id=\"18936a9\" data-element_type=\"column\">\n\t\t\t<div class=\"elementor-widget-wrap elementor-element-populated\">\n\t\t\t\t\t\t<div class=\"elementor-element elementor-element-254914f elementor-widget elementor-widget-heading\" data-id=\"254914f\" data-element_type=\"widget\" data-widget_type=\"heading.default\">\n\t\t\t\t<div class=\"elementor-widget-container\">\n\t\t\t\t\t<h3 class=\"elementor-heading-title elementor-size-default\">VUOI SAPERNE DI PI\u00d9?<\/h3>\t\t\t\t<\/div>\n\t\t\t\t<\/div>\n\t\t\t\t<div class=\"elementor-element elementor-element-b16da7f elementor-widget elementor-widget-heading\" data-id=\"b16da7f\" data-element_type=\"widget\" data-widget_type=\"heading.default\">\n\t\t\t\t<div class=\"elementor-widget-container\">\n\t\t\t\t\t<h5 class=\"elementor-heading-title elementor-size-default\">CONTATTACI!<\/h5>\t\t\t\t<\/div>\n\t\t\t\t<\/div>\n\t\t\t\t\t<\/div>\n\t\t<\/div>\n\t\t\t\t<div class=\"elementor-column elementor-col-50 elementor-inner-column elementor-element elementor-element-2cc28c8\" data-id=\"2cc28c8\" data-element_type=\"column\">\n\t\t\t<div class=\"elementor-widget-wrap elementor-element-populated\">\n\t\t\t\t\t\t<div class=\"elementor-element elementor-element-1a64f6d elementor-align-right elementor-mobile-align-center elementor-widget elementor-widget-button\" data-id=\"1a64f6d\" data-element_type=\"widget\" data-widget_type=\"button.default\">\n\t\t\t\t<div class=\"elementor-widget-container\">\n\t\t\t\t\t\t\t\t\t<div class=\"elementor-button-wrapper\">\n\t\t\t\t\t<a class=\"elementor-button elementor-button-link elementor-size-sm\" href=\"#form\" target=\"_blank\">\n\t\t\t\t\t\t<span class=\"elementor-button-content-wrapper\">\n\t\t\t\t\t\t\t\t\t<span class=\"elementor-button-text\">Contattaci <\/span>\n\t\t\t\t\t<\/span>\n\t\t\t\t\t<\/a>\n\t\t\t\t<\/div>\n\t\t\t\t\t\t\t\t<\/div>\n\t\t\t\t<\/div>\n\t\t\t\t<div class=\"elementor-element elementor-element-7854846 elementor-align-right elementor-mobile-align-center elementor-widget elementor-widget-button\" data-id=\"7854846\" data-element_type=\"widget\" data-widget_type=\"button.default\">\n\t\t\t\t<div class=\"elementor-widget-container\">\n\t\t\t\t\t\t\t\t\t<div class=\"elementor-button-wrapper\">\n\t\t\t\t\t<a class=\"elementor-button elementor-button-link elementor-size-sm\" href=\"tel:+39051811375\" target=\"_blank\">\n\t\t\t\t\t\t<span class=\"elementor-button-content-wrapper\">\n\t\t\t\t\t\t\t\t\t<span class=\"elementor-button-text\">+39 051 811375<\/span>\n\t\t\t\t\t<\/span>\n\t\t\t\t\t<\/a>\n\t\t\t\t<\/div>\n\t\t\t\t\t\t\t\t<\/div>\n\t\t\t\t<\/div>\n\t\t\t\t\t<\/div>\n\t\t<\/div>\n\t\t\t\t\t<\/div>\n\t\t<\/section>\n\t\t\t\t\t<\/div>\n\t\t<\/div>\n\t\t\t\t\t<\/div>\n\t\t<\/section>\n\t\t\t\t<\/div>\n\t\t\t\t<\/div>\n\t\t\t\t\t\t<\/div>\n\t\t\t\t<\/div>\n\t\t\t\t\t<\/div>\n\t\t<\/div>\n\t\t\t\t\t<\/div>\n\t\t<\/section>\n\t\t\t\t<\/div>\n\t\t","protected":false},"excerpt":{"rendered":"<p>LA NOSTRA STORIA L\u2019AZIENDA B. &amp; B. Dental S.r.l. \u00e8 una societ\u00e0 italiana leader nel campo dell\u2019implantologia orale. \u00e8 specializzata nella progettazione di impianti dentali e materiali per la rigenerazione ossea e grazie all\u2019esperienza acquisita negli anni \u00e8 riuscita a sviluppare tecnologie implanto-protesiche e materiali innovativi di alto livello qualitativo. L\u2019innovazione \u00e8 il cuore dell\u2019approccio [&hellip;]<\/p>\n","protected":false},"author":1,"featured_media":0,"parent":60,"menu_order":0,"comment_status":"closed","ping_status":"closed","template":"","meta":{"footnotes":""},"class_list":["post-109","page","type-page","status-publish","hentry"],"yoast_head":"<!-- This site is optimized with the Yoast SEO plugin v24.2 - https:\/\/yoast.com\/wordpress\/plugins\/seo\/ -->\n<title>Chi Siamo - Area Pazienti - B&amp;B Dental<\/title>\n<meta name=\"robots\" content=\"noindex, follow, max-snippet:-1, max-image-preview:large, max-video-preview:-1\" \/>\n<meta property=\"og:locale\" content=\"it_IT\" \/>\n<meta property=\"og:type\" content=\"article\" \/>\n<meta property=\"og:title\" content=\"Chi Siamo - Area Pazienti - B&amp;B Dental\" \/>\n<meta property=\"og:description\" content=\"LA NOSTRA STORIA L\u2019AZIENDA B. &amp; B. Dental S.r.l. \u00e8 una societ\u00e0 italiana leader nel campo dell\u2019implantologia orale. \u00e8 specializzata nella progettazione di impianti dentali e materiali per la rigenerazione ossea e grazie all\u2019esperienza acquisita negli anni \u00e8 riuscita a sviluppare tecnologie implanto-protesiche e materiali innovativi di alto livello qualitativo. L\u2019innovazione \u00e8 il cuore dell\u2019approccio [&hellip;]\" \/>\n<meta property=\"og:url\" content=\"https:\/\/busy-hofstadter.185-221-172-230.plesk.page\/it\/pazienti\/chi-siamo\/\" \/>\n<meta property=\"og:site_name\" content=\"B&amp;B Dental\" \/>\n<meta property=\"article:publisher\" content=\"https:\/\/www.facebook.com\/BeBdentalimplant\" \/>\n<meta property=\"article:modified_time\" content=\"2024-06-18T10:30:08+00:00\" \/>\n<meta property=\"og:image\" content=\"https:\/\/busy-hofstadter.185-221-172-230.plesk.page\/wp-content\/uploads\/2023\/12\/home-bg.jpg\" \/>\n\t<meta property=\"og:image:width\" content=\"1920\" \/>\n\t<meta property=\"og:image:height\" content=\"1280\" \/>\n\t<meta property=\"og:image:type\" content=\"image\/jpeg\" \/>\n<meta name=\"twitter:card\" content=\"summary_large_image\" \/>\n<meta name=\"twitter:label1\" content=\"Tempo di lettura stimato\" \/>\n\t<meta name=\"twitter:data1\" content=\"2 minuti\" \/>\n<script type=\"application\/ld+json\" class=\"yoast-schema-graph\">{\"@context\":\"https:\/\/schema.org\",\"@graph\":[{\"@type\":\"WebPage\",\"@id\":\"https:\/\/busy-hofstadter.185-221-172-230.plesk.page\/it\/pazienti\/chi-siamo\/\",\"url\":\"https:\/\/busy-hofstadter.185-221-172-230.plesk.page\/it\/pazienti\/chi-siamo\/\",\"name\":\"Chi Siamo - Area Pazienti - B&amp;B Dental\",\"isPartOf\":{\"@id\":\"https:\/\/busy-hofstadter.185-221-172-230.plesk.page\/it\/#website\"},\"datePublished\":\"2023-12-14T15:19:29+00:00\",\"dateModified\":\"2024-06-18T10:30:08+00:00\",\"breadcrumb\":{\"@id\":\"https:\/\/busy-hofstadter.185-221-172-230.plesk.page\/it\/pazienti\/chi-siamo\/#breadcrumb\"},\"inLanguage\":\"it-IT\",\"potentialAction\":[{\"@type\":\"ReadAction\",\"target\":[\"https:\/\/busy-hofstadter.185-221-172-230.plesk.page\/it\/pazienti\/chi-siamo\/\"]}]},{\"@type\":\"BreadcrumbList\",\"@id\":\"https:\/\/busy-hofstadter.185-221-172-230.plesk.page\/it\/pazienti\/chi-siamo\/#breadcrumb\",\"itemListElement\":[{\"@type\":\"ListItem\",\"position\":1,\"name\":\"Area Pazienti\",\"item\":\"https:\/\/busy-hofstadter.185-221-172-230.plesk.page\/it\/pazienti\/\"},{\"@type\":\"ListItem\",\"position\":2,\"name\":\"Chi Siamo\"}]},{\"@type\":\"WebSite\",\"@id\":\"https:\/\/busy-hofstadter.185-221-172-230.plesk.page\/it\/#website\",\"url\":\"https:\/\/busy-hofstadter.185-221-172-230.plesk.page\/it\/\",\"name\":\"B&B Dental\",\"description\":\"Impianti Dentali e Implantologia | Bologna\",\"publisher\":{\"@id\":\"https:\/\/busy-hofstadter.185-221-172-230.plesk.page\/it\/#organization\"},\"alternateName\":\"B&B Dental\",\"potentialAction\":[{\"@type\":\"SearchAction\",\"target\":{\"@type\":\"EntryPoint\",\"urlTemplate\":\"https:\/\/busy-hofstadter.185-221-172-230.plesk.page\/it\/?s={search_term_string}\"},\"query-input\":{\"@type\":\"PropertyValueSpecification\",\"valueRequired\":true,\"valueName\":\"search_term_string\"}}],\"inLanguage\":\"it-IT\"},{\"@type\":\"Organization\",\"@id\":\"https:\/\/busy-hofstadter.185-221-172-230.plesk.page\/it\/#organization\",\"name\":\"B&B Dental\",\"url\":\"https:\/\/busy-hofstadter.185-221-172-230.plesk.page\/it\/\",\"logo\":{\"@type\":\"ImageObject\",\"inLanguage\":\"it-IT\",\"@id\":\"https:\/\/busy-hofstadter.185-221-172-230.plesk.page\/it\/#\/schema\/logo\/image\/\",\"url\":\"https:\/\/busy-hofstadter.185-221-172-230.plesk.page\/wp-content\/uploads\/2024\/01\/Logo-Black.jpg\",\"contentUrl\":\"https:\/\/busy-hofstadter.185-221-172-230.plesk.page\/wp-content\/uploads\/2024\/01\/Logo-Black.jpg\",\"width\":599,\"height\":771,\"caption\":\"B&B Dental\"},\"image\":{\"@id\":\"https:\/\/busy-hofstadter.185-221-172-230.plesk.page\/it\/#\/schema\/logo\/image\/\"},\"sameAs\":[\"https:\/\/www.facebook.com\/BeBdentalimplant\",\"https:\/\/www.instagram.com\/beb.dental\/\",\"https:\/\/it.linkedin.com\/company\/b&b-dental\",\"https:\/\/www.youtube.com\/user\/BeBDental\/videos\"]}]}<\/script>\n<!-- \/ Yoast SEO plugin. -->","yoast_head_json":{"title":"Chi Siamo - Area Pazienti - B&amp;B Dental","robots":{"index":"noindex","follow":"follow","max-snippet":"max-snippet:-1","max-image-preview":"max-image-preview:large","max-video-preview":"max-video-preview:-1"},"og_locale":"it_IT","og_type":"article","og_title":"Chi Siamo - Area Pazienti - B&amp;B Dental","og_description":"LA NOSTRA STORIA L\u2019AZIENDA B. &amp; B. Dental S.r.l. \u00e8 una societ\u00e0 italiana leader nel campo dell\u2019implantologia orale. \u00e8 specializzata nella progettazione di impianti dentali e materiali per la rigenerazione ossea e grazie all\u2019esperienza acquisita negli anni \u00e8 riuscita a sviluppare tecnologie implanto-protesiche e materiali innovativi di alto livello qualitativo. L\u2019innovazione \u00e8 il cuore dell\u2019approccio [&hellip;]","og_url":"https:\/\/busy-hofstadter.185-221-172-230.plesk.page\/it\/pazienti\/chi-siamo\/","og_site_name":"B&amp;B Dental","article_publisher":"https:\/\/www.facebook.com\/BeBdentalimplant","article_modified_time":"2024-06-18T10:30:08+00:00","og_image":[{"width":1920,"height":1280,"url":"https:\/\/busy-hofstadter.185-221-172-230.plesk.page\/wp-content\/uploads\/2023\/12\/home-bg.jpg","type":"image\/jpeg"}],"twitter_card":"summary_large_image","twitter_misc":{"Tempo di lettura stimato":"2 minuti"},"schema":{"@context":"https:\/\/schema.org","@graph":[{"@type":"WebPage","@id":"https:\/\/busy-hofstadter.185-221-172-230.plesk.page\/it\/pazienti\/chi-siamo\/","url":"https:\/\/busy-hofstadter.185-221-172-230.plesk.page\/it\/pazienti\/chi-siamo\/","name":"Chi Siamo - Area Pazienti - B&amp;B Dental","isPartOf":{"@id":"https:\/\/busy-hofstadter.185-221-172-230.plesk.page\/it\/#website"},"datePublished":"2023-12-14T15:19:29+00:00","dateModified":"2024-06-18T10:30:08+00:00","breadcrumb":{"@id":"https:\/\/busy-hofstadter.185-221-172-230.plesk.page\/it\/pazienti\/chi-siamo\/#breadcrumb"},"inLanguage":"it-IT","potentialAction":[{"@type":"ReadAction","target":["https:\/\/busy-hofstadter.185-221-172-230.plesk.page\/it\/pazienti\/chi-siamo\/"]}]},{"@type":"BreadcrumbList","@id":"https:\/\/busy-hofstadter.185-221-172-230.plesk.page\/it\/pazienti\/chi-siamo\/#breadcrumb","itemListElement":[{"@type":"ListItem","position":1,"name":"Area Pazienti","item":"https:\/\/busy-hofstadter.185-221-172-230.plesk.page\/it\/pazienti\/"},{"@type":"ListItem","position":2,"name":"Chi Siamo"}]},{"@type":"WebSite","@id":"https:\/\/busy-hofstadter.185-221-172-230.plesk.page\/it\/#website","url":"https:\/\/busy-hofstadter.185-221-172-230.plesk.page\/it\/","name":"B&B Dental","description":"Impianti Dentali e Implantologia | Bologna","publisher":{"@id":"https:\/\/busy-hofstadter.185-221-172-230.plesk.page\/it\/#organization"},"alternateName":"B&B Dental","potentialAction":[{"@type":"SearchAction","target":{"@type":"EntryPoint","urlTemplate":"https:\/\/busy-hofstadter.185-221-172-230.plesk.page\/it\/?s={search_term_string}"},"query-input":{"@type":"PropertyValueSpecification","valueRequired":true,"valueName":"search_term_string"}}],"inLanguage":"it-IT"},{"@type":"Organization","@id":"https:\/\/busy-hofstadter.185-221-172-230.plesk.page\/it\/#organization","name":"B&B Dental","url":"https:\/\/busy-hofstadter.185-221-172-230.plesk.page\/it\/","logo":{"@type":"ImageObject","inLanguage":"it-IT","@id":"https:\/\/busy-hofstadter.185-221-172-230.plesk.page\/it\/#\/schema\/logo\/image\/","url":"https:\/\/busy-hofstadter.185-221-172-230.plesk.page\/wp-content\/uploads\/2024\/01\/Logo-Black.jpg","contentUrl":"https:\/\/busy-hofstadter.185-221-172-230.plesk.page\/wp-content\/uploads\/2024\/01\/Logo-Black.jpg","width":599,"height":771,"caption":"B&B Dental"},"image":{"@id":"https:\/\/busy-hofstadter.185-221-172-230.plesk.page\/it\/#\/schema\/logo\/image\/"},"sameAs":["https:\/\/www.facebook.com\/BeBdentalimplant","https:\/\/www.instagram.com\/beb.dental\/","https:\/\/it.linkedin.com\/company\/b&b-dental","https:\/\/www.youtube.com\/user\/BeBDental\/videos"]}]}},"_links":{"self":[{"href":"https:\/\/busy-hofstadter.185-221-172-230.plesk.page\/it\/wp-json\/wp\/v2\/pages\/109","targetHints":{"allow":["GET"]}}],"collection":[{"href":"https:\/\/busy-hofstadter.185-221-172-230.plesk.page\/it\/wp-json\/wp\/v2\/pages"}],"about":[{"href":"https:\/\/busy-hofstadter.185-221-172-230.plesk.page\/it\/wp-json\/wp\/v2\/types\/page"}],"author":[{"embeddable":true,"href":"https:\/\/busy-hofstadter.185-221-172-230.plesk.page\/it\/wp-json\/wp\/v2\/users\/1"}],"replies":[{"embeddable":true,"href":"https:\/\/busy-hofstadter.185-221-172-230.plesk.page\/it\/wp-json\/wp\/v2\/comments?post=109"}],"version-history":[{"count":0,"href":"https:\/\/busy-hofstadter.185-221-172-230.plesk.page\/it\/wp-json\/wp\/v2\/pages\/109\/revisions"}],"up":[{"embeddable":true,"href":"https:\/\/busy-hofstadter.185-221-172-230.plesk.page\/it\/wp-json\/wp\/v2\/pages\/60"}],"wp:attachment":[{"href":"https:\/\/busy-hofstadter.185-221-172-230.plesk.page\/it\/wp-json\/wp\/v2\/media?parent=109"}],"curies":[{"name":"wp","href":"https:\/\/api.w.org\/{rel}","templated":true}]}}