{"id":2507,"date":"2023-12-08T15:02:20","date_gmt":"2023-12-08T14:02:20","guid":{"rendered":"https:\/\/bebdental.it\/home\/"},"modified":"2024-01-17T12:46:54","modified_gmt":"2024-01-17T11:46:54","slug":"home","status":"publish","type":"page","link":"https:\/\/busy-hofstadter.185-221-172-230.plesk.page\/es\/","title":{"rendered":"Home"},"content":{"rendered":"\t\t<div data-elementor-type=\"wp-page\" data-elementor-id=\"2507\" class=\"elementor elementor-2507 elementor-2\" data-elementor-post-type=\"page\">\n\t\t\t\t\t\t<section class=\"elementor-section elementor-top-section elementor-element elementor-element-45b68cb elementor-section-height-min-height elementor-section-boxed elementor-section-height-default elementor-section-items-middle\" data-id=\"45b68cb\" data-element_type=\"section\" data-settings=\"{&quot;background_background&quot;:&quot;classic&quot;}\">\n\t\t\t\t\t\t<div class=\"elementor-container elementor-column-gap-default\">\n\t\t\t\t\t<div class=\"elementor-column elementor-col-100 elementor-top-column elementor-element elementor-element-14f60de\" data-id=\"14f60de\" data-element_type=\"column\">\n\t\t\t<div class=\"elementor-widget-wrap elementor-element-populated\">\n\t\t\t\t\t\t<section class=\"elementor-section elementor-inner-section elementor-element elementor-element-bbff8c8 elementor-section-boxed elementor-section-height-default elementor-section-height-default\" data-id=\"bbff8c8\" data-element_type=\"section\">\n\t\t\t\t\t\t<div class=\"elementor-container elementor-column-gap-default\">\n\t\t\t\t\t<div class=\"elementor-column elementor-col-100 elementor-inner-column elementor-element elementor-element-2706130\" data-id=\"2706130\" data-element_type=\"column\">\n\t\t\t<div class=\"elementor-widget-wrap elementor-element-populated\">\n\t\t\t\t\t\t<div class=\"elementor-element elementor-element-a7f85d1 elementor-widget elementor-widget-image\" data-id=\"a7f85d1\" data-element_type=\"widget\" data-widget_type=\"image.default\">\n\t\t\t\t<div class=\"elementor-widget-container\">\n\t\t\t\t\t\t\t\t\t\t\t\t\t\t\t<img fetchpriority=\"high\" decoding=\"async\" width=\"450\" height=\"261\" src=\"https:\/\/busy-hofstadter.185-221-172-230.plesk.page\/wp-content\/uploads\/2023\/12\/logo-beb-wh.png\" class=\"attachment-large size-large wp-image-1674\" alt=\"Logo B&amp;B Dental\" srcset=\"https:\/\/busy-hofstadter.185-221-172-230.plesk.page\/wp-content\/uploads\/2023\/12\/logo-beb-wh.png 450w, https:\/\/busy-hofstadter.185-221-172-230.plesk.page\/wp-content\/uploads\/2023\/12\/logo-beb-wh-300x174.png 300w\" sizes=\"(max-width: 450px) 100vw, 450px\" \/>\t\t\t\t\t\t\t\t\t\t\t\t\t\t\t<\/div>\n\t\t\t\t<\/div>\n\t\t\t\t\t<\/div>\n\t\t<\/div>\n\t\t\t\t\t<\/div>\n\t\t<\/section>\n\t\t\t\t<section class=\"elementor-section elementor-inner-section elementor-element elementor-element-2bb3188 elementor-section-boxed elementor-section-height-default elementor-section-height-default\" data-id=\"2bb3188\" data-element_type=\"section\">\n\t\t\t\t\t\t<div class=\"elementor-container elementor-column-gap-default\">\n\t\t\t\t\t<div class=\"elementor-column elementor-col-50 elementor-inner-column elementor-element elementor-element-2fa4217\" data-id=\"2fa4217\" data-element_type=\"column\">\n\t\t\t<div class=\"elementor-widget-wrap elementor-element-populated\">\n\t\t\t\t\t\t<div class=\"elementor-element elementor-element-404fc80 elementor-widget elementor-widget-heading\" data-id=\"404fc80\" data-element_type=\"widget\" data-widget_type=\"heading.default\">\n\t\t\t\t<div class=\"elementor-widget-container\">\n\t\t\t\t\t<h2 class=\"elementor-heading-title elementor-size-default\">Area <b>Profesional<\/b><\/h2>\t\t\t\t<\/div>\n\t\t\t\t<\/div>\n\t\t\t\t<div class=\"elementor-element elementor-element-e9030ef elementor-widget elementor-widget-text-editor\" data-id=\"e9030ef\" data-element_type=\"widget\" data-widget_type=\"text-editor.default\">\n\t\t\t\t<div class=\"elementor-widget-container\">\n\t\t\t\t\t\t\t\t\t<p>Descubra la sociedad italiana en el campo de la implantolog\u00eda oral.<\/p>\n\t\t\t\t\t\t\t\t<\/div>\n\t\t\t\t<\/div>\n\t\t\t\t<div class=\"elementor-element elementor-element-2fd9ade elementor-align-center elementor-widget elementor-widget-button\" data-id=\"2fd9ade\" data-element_type=\"widget\" data-widget_type=\"button.default\">\n\t\t\t\t<div class=\"elementor-widget-container\">\n\t\t\t\t\t\t\t\t\t<div class=\"elementor-button-wrapper\">\n\t\t\t\t\t<a class=\"elementor-button elementor-button-link elementor-size-sm\" href=\"https:\/\/busy-hofstadter.185-221-172-230.plesk.page\/es\/pro\/\">\n\t\t\t\t\t\t<span class=\"elementor-button-content-wrapper\">\n\t\t\t\t\t\t<span class=\"elementor-button-icon\">\n\t\t\t\t<svg aria-hidden=\"true\" class=\"e-font-icon-svg e-far-arrow-alt-circle-right\" viewBox=\"0 0 512 512\" xmlns=\"http:\/\/www.w3.org\/2000\/svg\"><path d=\"M504 256C504 119 393 8 256 8S8 119 8 256s111 248 248 248 248-111 248-248zm-448 0c0-110.5 89.5-200 200-200s200 89.5 200 200-89.5 200-200 200S56 366.5 56 256zm72 20v-40c0-6.6 5.4-12 12-12h116v-67c0-10.7 12.9-16 20.5-8.5l99 99c4.7 4.7 4.7 12.3 0 17l-99 99c-7.6 7.6-20.5 2.2-20.5-8.5v-67H140c-6.6 0-12-5.4-12-12z\"><\/path><\/svg>\t\t\t<\/span>\n\t\t\t\t\t\t\t\t\t<span class=\"elementor-button-text\">Entrar en el \u00c1rea Profesional<\/span>\n\t\t\t\t\t<\/span>\n\t\t\t\t\t<\/a>\n\t\t\t\t<\/div>\n\t\t\t\t\t\t\t\t<\/div>\n\t\t\t\t<\/div>\n\t\t\t\t\t<\/div>\n\t\t<\/div>\n\t\t\t\t<div class=\"elementor-column elementor-col-50 elementor-inner-column elementor-element elementor-element-f321aac\" data-id=\"f321aac\" data-element_type=\"column\">\n\t\t\t<div class=\"elementor-widget-wrap elementor-element-populated\">\n\t\t\t\t\t\t<div class=\"elementor-element elementor-element-c16e102 elementor-widget elementor-widget-heading\" data-id=\"c16e102\" data-element_type=\"widget\" data-widget_type=\"heading.default\">\n\t\t\t\t<div class=\"elementor-widget-container\">\n\t\t\t\t\t<h2 class=\"elementor-heading-title elementor-size-default\">Zona <b>Pacientes<\/b><\/h2>\t\t\t\t<\/div>\n\t\t\t\t<\/div>\n\t\t\t\t<div class=\"elementor-element elementor-element-f310e58 elementor-widget elementor-widget-text-editor\" data-id=\"f310e58\" data-element_type=\"widget\" data-widget_type=\"text-editor.default\">\n\t\t\t\t<div class=\"elementor-widget-container\">\n\t\t\t\t\t\t\t\t\t<p>Descubra las soluciones de implantes Hecho en Italia<\/p>\n\t\t\t\t\t\t\t\t<\/div>\n\t\t\t\t<\/div>\n\t\t\t\t<div class=\"elementor-element elementor-element-78fbdc9 elementor-align-center elementor-widget elementor-widget-button\" data-id=\"78fbdc9\" data-element_type=\"widget\" data-widget_type=\"button.default\">\n\t\t\t\t<div class=\"elementor-widget-container\">\n\t\t\t\t\t\t\t\t\t<div class=\"elementor-button-wrapper\">\n\t\t\t\t\t<a class=\"elementor-button elementor-button-link elementor-size-sm\" href=\"https:\/\/busy-hofstadter.185-221-172-230.plesk.page\/es\/pacientes\/\">\n\t\t\t\t\t\t<span class=\"elementor-button-content-wrapper\">\n\t\t\t\t\t\t<span class=\"elementor-button-icon\">\n\t\t\t\t<svg aria-hidden=\"true\" class=\"e-font-icon-svg e-far-arrow-alt-circle-right\" viewBox=\"0 0 512 512\" xmlns=\"http:\/\/www.w3.org\/2000\/svg\"><path d=\"M504 256C504 119 393 8 256 8S8 119 8 256s111 248 248 248 248-111 248-248zm-448 0c0-110.5 89.5-200 200-200s200 89.5 200 200-89.5 200-200 200S56 366.5 56 256zm72 20v-40c0-6.6 5.4-12 12-12h116v-67c0-10.7 12.9-16 20.5-8.5l99 99c4.7 4.7 4.7 12.3 0 17l-99 99c-7.6 7.6-20.5 2.2-20.5-8.5v-67H140c-6.6 0-12-5.4-12-12z\"><\/path><\/svg>\t\t\t<\/span>\n\t\t\t\t\t\t\t\t\t<span class=\"elementor-button-text\">Entra en el \u00c1rea del Paciente<\/span>\n\t\t\t\t\t<\/span>\n\t\t\t\t\t<\/a>\n\t\t\t\t<\/div>\n\t\t\t\t\t\t\t\t<\/div>\n\t\t\t\t<\/div>\n\t\t\t\t\t<\/div>\n\t\t<\/div>\n\t\t\t\t\t<\/div>\n\t\t<\/section>\n\t\t\t\t<section class=\"elementor-section elementor-inner-section elementor-element elementor-element-1f39597 elementor-section-boxed elementor-section-height-default elementor-section-height-default\" data-id=\"1f39597\" data-element_type=\"section\">\n\t\t\t\t\t\t<div class=\"elementor-container elementor-column-gap-default\">\n\t\t\t\t\t<div class=\"elementor-column elementor-col-100 elementor-inner-column elementor-element elementor-element-c08e095\" data-id=\"c08e095\" data-element_type=\"column\">\n\t\t\t<div class=\"elementor-widget-wrap elementor-element-populated\">\n\t\t\t\t\t\t<div class=\"elementor-element elementor-element-e3fef36 elementor-widget elementor-widget-text-editor\" data-id=\"e3fef36\" data-element_type=\"widget\" data-widget_type=\"text-editor.default\">\n\t\t\t\t<div class=\"elementor-widget-container\">\n\t\t\t\t\t\t\t\t\t<p>Elige el idioma de visualizaci\u00f3n:<\/p>\n\t\t\t\t\t\t\t\t<\/div>\n\t\t\t\t<\/div>\n\t\t\t\t<div class=\"elementor-element elementor-element-6a28688 elementor-widget__width-auto elementor-widget elementor-widget-wpml-language-switcher\" data-id=\"6a28688\" data-element_type=\"widget\" data-widget_type=\"wpml-language-switcher.default\">\n\t\t\t\t<div class=\"elementor-widget-container\">\n\t\t\t\t\t<div class=\"wpml-elementor-ls\">\n<div class=\"wpml-ls-statics-shortcode_actions wpml-ls wpml-ls-legacy-list-horizontal\">\n\t<ul><li class=\"wpml-ls-slot-shortcode_actions wpml-ls-item wpml-ls-item-it wpml-ls-first-item wpml-ls-item-legacy-list-horizontal\">\n\t\t\t\t<a href=\"https:\/\/busy-hofstadter.185-221-172-230.plesk.page\/it\/\" class=\"wpml-ls-link\">\n                                                        <img decoding=\"async\"\n            class=\"wpml-ls-flag\"\n            src=\"https:\/\/busy-hofstadter.185-221-172-230.plesk.page\/wp-content\/plugins\/sitepress-multilingual-cms\/res\/flags\/it.svg\"\n            alt=\"IT\"\n            width=18\n            height=12\n    \/><\/a>\n\t\t\t<\/li><li class=\"wpml-ls-slot-shortcode_actions wpml-ls-item wpml-ls-item-en wpml-ls-item-legacy-list-horizontal\">\n\t\t\t\t<a href=\"https:\/\/busy-hofstadter.185-221-172-230.plesk.page\/en\/\" class=\"wpml-ls-link\">\n                                                        <img decoding=\"async\"\n            class=\"wpml-ls-flag\"\n            src=\"https:\/\/busy-hofstadter.185-221-172-230.plesk.page\/wp-content\/plugins\/sitepress-multilingual-cms\/res\/flags\/en.svg\"\n            alt=\"EN\"\n            width=18\n            height=12\n    \/><\/a>\n\t\t\t<\/li><li class=\"wpml-ls-slot-shortcode_actions wpml-ls-item wpml-ls-item-es wpml-ls-current-language wpml-ls-last-item wpml-ls-item-legacy-list-horizontal\">\n\t\t\t\t<a href=\"https:\/\/busy-hofstadter.185-221-172-230.plesk.page\/es\/\" class=\"wpml-ls-link\">\n                                                        <img decoding=\"async\"\n            class=\"wpml-ls-flag\"\n            src=\"https:\/\/busy-hofstadter.185-221-172-230.plesk.page\/wp-content\/plugins\/sitepress-multilingual-cms\/res\/flags\/es.svg\"\n            alt=\"ES\"\n            width=18\n            height=12\n    \/><\/a>\n\t\t\t<\/li><\/ul>\n<\/div>\n<\/div>\t\t\t\t<\/div>\n\t\t\t\t<\/div>\n\t\t\t\t\t<\/div>\n\t\t<\/div>\n\t\t\t\t\t<\/div>\n\t\t<\/section>\n\t\t\t\t\t<\/div>\n\t\t<\/div>\n\t\t\t\t\t<\/div>\n\t\t<\/section>\n\t\t\t\t<\/div>\n\t\t","protected":false},"excerpt":{"rendered":"<p>Area Profesional Descubra la sociedad italiana en el campo de la implantolog\u00eda oral. Entrar en el \u00c1rea Profesional Zona Pacientes Descubra las soluciones de implantes Hecho en Italia Entra en el \u00c1rea del Paciente Elige el idioma de visualizaci\u00f3n:<\/p>\n","protected":false},"author":1,"featured_media":0,"parent":0,"menu_order":0,"comment_status":"closed","ping_status":"closed","template":"elementor_canvas","meta":{"footnotes":""},"class_list":["post-2507","page","type-page","status-publish","hentry"],"yoast_head":"<!-- This site is optimized with the Yoast SEO plugin v24.2 - https:\/\/yoast.com\/wordpress\/plugins\/seo\/ -->\n<title>Empresa de implantes dentales | B&amp;B Dental<\/title>\n<meta name=\"description\" content=\"B&amp;B Dental es una empresa de implantes dentales: dise\u00f1o, fabricaci\u00f3n y comercializaci\u00f3n de implantes dentales y regeneraci\u00f3n \u00f3sea.\" \/>\n<meta name=\"robots\" content=\"noindex, follow, max-snippet:-1, max-image-preview:large, max-video-preview:-1\" \/>\n<meta property=\"og:locale\" content=\"es_ES\" \/>\n<meta property=\"og:type\" content=\"article\" \/>\n<meta property=\"og:title\" content=\"Empresa de implantes dentales | B&amp;B Dental\" \/>\n<meta property=\"og:description\" content=\"B&amp;B Dental es una empresa de implantes dentales: dise\u00f1o, fabricaci\u00f3n y comercializaci\u00f3n de implantes dentales y regeneraci\u00f3n \u00f3sea.\" \/>\n<meta property=\"og:url\" content=\"https:\/\/busy-hofstadter.185-221-172-230.plesk.page\/es\/\" \/>\n<meta property=\"og:site_name\" content=\"B&amp;B Dental\" \/>\n<meta property=\"article:publisher\" content=\"https:\/\/www.facebook.com\/BeBdentalimplant\" \/>\n<meta property=\"article:modified_time\" content=\"2024-01-17T11:46:54+00:00\" \/>\n<meta property=\"og:image\" content=\"https:\/\/busy-hofstadter.185-221-172-230.plesk.page\/wp-content\/uploads\/2023\/12\/logo-beb-wh.png\" \/>\n<meta name=\"twitter:card\" content=\"summary_large_image\" \/>\n<meta name=\"twitter:label1\" content=\"Tiempo de lectura\" \/>\n\t<meta name=\"twitter:data1\" content=\"1 minuto\" \/>\n<script type=\"application\/ld+json\" class=\"yoast-schema-graph\">{\"@context\":\"https:\/\/schema.org\",\"@graph\":[{\"@type\":\"WebPage\",\"@id\":\"https:\/\/busy-hofstadter.185-221-172-230.plesk.page\/es\/\",\"url\":\"https:\/\/busy-hofstadter.185-221-172-230.plesk.page\/es\/\",\"name\":\"Empresa de implantes dentales | B&B Dental\",\"isPartOf\":{\"@id\":\"https:\/\/busy-hofstadter.185-221-172-230.plesk.page\/es\/#website\"},\"primaryImageOfPage\":{\"@id\":\"https:\/\/busy-hofstadter.185-221-172-230.plesk.page\/es\/#primaryimage\"},\"image\":{\"@id\":\"https:\/\/busy-hofstadter.185-221-172-230.plesk.page\/es\/#primaryimage\"},\"thumbnailUrl\":\"https:\/\/busy-hofstadter.185-221-172-230.plesk.page\/wp-content\/uploads\/2023\/12\/logo-beb-wh.png\",\"datePublished\":\"2023-12-08T14:02:20+00:00\",\"dateModified\":\"2024-01-17T11:46:54+00:00\",\"description\":\"B&B Dental es una empresa de implantes dentales: dise\u00f1o, fabricaci\u00f3n y comercializaci\u00f3n de implantes dentales y regeneraci\u00f3n \u00f3sea.\",\"inLanguage\":\"es\",\"potentialAction\":[{\"@type\":\"ReadAction\",\"target\":[\"https:\/\/busy-hofstadter.185-221-172-230.plesk.page\/es\/\"]}]},{\"@type\":\"ImageObject\",\"inLanguage\":\"es\",\"@id\":\"https:\/\/busy-hofstadter.185-221-172-230.plesk.page\/es\/#primaryimage\",\"url\":\"https:\/\/busy-hofstadter.185-221-172-230.plesk.page\/wp-content\/uploads\/2023\/12\/logo-beb-wh.png\",\"contentUrl\":\"https:\/\/busy-hofstadter.185-221-172-230.plesk.page\/wp-content\/uploads\/2023\/12\/logo-beb-wh.png\"},{\"@type\":\"WebSite\",\"@id\":\"https:\/\/busy-hofstadter.185-221-172-230.plesk.page\/es\/#website\",\"url\":\"https:\/\/busy-hofstadter.185-221-172-230.plesk.page\/es\/\",\"name\":\"B&B Dental\",\"description\":\"Impianti Dentali e Implantologia | Bologna\",\"publisher\":{\"@id\":\"https:\/\/busy-hofstadter.185-221-172-230.plesk.page\/es\/#organization\"},\"alternateName\":\"B&B Dental\",\"potentialAction\":[{\"@type\":\"SearchAction\",\"target\":{\"@type\":\"EntryPoint\",\"urlTemplate\":\"https:\/\/busy-hofstadter.185-221-172-230.plesk.page\/es\/?s={search_term_string}\"},\"query-input\":{\"@type\":\"PropertyValueSpecification\",\"valueRequired\":true,\"valueName\":\"search_term_string\"}}],\"inLanguage\":\"es\"},{\"@type\":\"Organization\",\"@id\":\"https:\/\/busy-hofstadter.185-221-172-230.plesk.page\/es\/#organization\",\"name\":\"B&B Dental\",\"url\":\"https:\/\/busy-hofstadter.185-221-172-230.plesk.page\/es\/\",\"logo\":{\"@type\":\"ImageObject\",\"inLanguage\":\"es\",\"@id\":\"https:\/\/busy-hofstadter.185-221-172-230.plesk.page\/es\/#\/schema\/logo\/image\/\",\"url\":\"https:\/\/busy-hofstadter.185-221-172-230.plesk.page\/wp-content\/uploads\/2024\/01\/Logo-Black.jpg\",\"contentUrl\":\"https:\/\/busy-hofstadter.185-221-172-230.plesk.page\/wp-content\/uploads\/2024\/01\/Logo-Black.jpg\",\"width\":599,\"height\":771,\"caption\":\"B&B Dental\"},\"image\":{\"@id\":\"https:\/\/busy-hofstadter.185-221-172-230.plesk.page\/es\/#\/schema\/logo\/image\/\"},\"sameAs\":[\"https:\/\/www.facebook.com\/BeBdentalimplant\",\"https:\/\/www.instagram.com\/beb.dental\/\",\"https:\/\/it.linkedin.com\/company\/b&b-dental\",\"https:\/\/www.youtube.com\/user\/BeBDental\/videos\"]}]}<\/script>\n<!-- \/ Yoast SEO plugin. -->","yoast_head_json":{"title":"Empresa de implantes dentales | B&B Dental","description":"B&B Dental es una empresa de implantes dentales: dise\u00f1o, fabricaci\u00f3n y comercializaci\u00f3n de implantes dentales y regeneraci\u00f3n \u00f3sea.","robots":{"index":"noindex","follow":"follow","max-snippet":"max-snippet:-1","max-image-preview":"max-image-preview:large","max-video-preview":"max-video-preview:-1"},"og_locale":"es_ES","og_type":"article","og_title":"Empresa de implantes dentales | B&B Dental","og_description":"B&B Dental es una empresa de implantes dentales: dise\u00f1o, fabricaci\u00f3n y comercializaci\u00f3n de implantes dentales y regeneraci\u00f3n \u00f3sea.","og_url":"https:\/\/busy-hofstadter.185-221-172-230.plesk.page\/es\/","og_site_name":"B&amp;B Dental","article_publisher":"https:\/\/www.facebook.com\/BeBdentalimplant","article_modified_time":"2024-01-17T11:46:54+00:00","og_image":[{"url":"https:\/\/busy-hofstadter.185-221-172-230.plesk.page\/wp-content\/uploads\/2023\/12\/logo-beb-wh.png","type":"","width":"","height":""}],"twitter_card":"summary_large_image","twitter_misc":{"Tiempo de lectura":"1 minuto"},"schema":{"@context":"https:\/\/schema.org","@graph":[{"@type":"WebPage","@id":"https:\/\/busy-hofstadter.185-221-172-230.plesk.page\/es\/","url":"https:\/\/busy-hofstadter.185-221-172-230.plesk.page\/es\/","name":"Empresa de implantes dentales | B&B Dental","isPartOf":{"@id":"https:\/\/busy-hofstadter.185-221-172-230.plesk.page\/es\/#website"},"primaryImageOfPage":{"@id":"https:\/\/busy-hofstadter.185-221-172-230.plesk.page\/es\/#primaryimage"},"image":{"@id":"https:\/\/busy-hofstadter.185-221-172-230.plesk.page\/es\/#primaryimage"},"thumbnailUrl":"https:\/\/busy-hofstadter.185-221-172-230.plesk.page\/wp-content\/uploads\/2023\/12\/logo-beb-wh.png","datePublished":"2023-12-08T14:02:20+00:00","dateModified":"2024-01-17T11:46:54+00:00","description":"B&B Dental es una empresa de implantes dentales: dise\u00f1o, fabricaci\u00f3n y comercializaci\u00f3n de implantes dentales y regeneraci\u00f3n \u00f3sea.","inLanguage":"es","potentialAction":[{"@type":"ReadAction","target":["https:\/\/busy-hofstadter.185-221-172-230.plesk.page\/es\/"]}]},{"@type":"ImageObject","inLanguage":"es","@id":"https:\/\/busy-hofstadter.185-221-172-230.plesk.page\/es\/#primaryimage","url":"https:\/\/busy-hofstadter.185-221-172-230.plesk.page\/wp-content\/uploads\/2023\/12\/logo-beb-wh.png","contentUrl":"https:\/\/busy-hofstadter.185-221-172-230.plesk.page\/wp-content\/uploads\/2023\/12\/logo-beb-wh.png"},{"@type":"WebSite","@id":"https:\/\/busy-hofstadter.185-221-172-230.plesk.page\/es\/#website","url":"https:\/\/busy-hofstadter.185-221-172-230.plesk.page\/es\/","name":"B&B Dental","description":"Impianti Dentali e Implantologia | Bologna","publisher":{"@id":"https:\/\/busy-hofstadter.185-221-172-230.plesk.page\/es\/#organization"},"alternateName":"B&B Dental","potentialAction":[{"@type":"SearchAction","target":{"@type":"EntryPoint","urlTemplate":"https:\/\/busy-hofstadter.185-221-172-230.plesk.page\/es\/?s={search_term_string}"},"query-input":{"@type":"PropertyValueSpecification","valueRequired":true,"valueName":"search_term_string"}}],"inLanguage":"es"},{"@type":"Organization","@id":"https:\/\/busy-hofstadter.185-221-172-230.plesk.page\/es\/#organization","name":"B&B Dental","url":"https:\/\/busy-hofstadter.185-221-172-230.plesk.page\/es\/","logo":{"@type":"ImageObject","inLanguage":"es","@id":"https:\/\/busy-hofstadter.185-221-172-230.plesk.page\/es\/#\/schema\/logo\/image\/","url":"https:\/\/busy-hofstadter.185-221-172-230.plesk.page\/wp-content\/uploads\/2024\/01\/Logo-Black.jpg","contentUrl":"https:\/\/busy-hofstadter.185-221-172-230.plesk.page\/wp-content\/uploads\/2024\/01\/Logo-Black.jpg","width":599,"height":771,"caption":"B&B Dental"},"image":{"@id":"https:\/\/busy-hofstadter.185-221-172-230.plesk.page\/es\/#\/schema\/logo\/image\/"},"sameAs":["https:\/\/www.facebook.com\/BeBdentalimplant","https:\/\/www.instagram.com\/beb.dental\/","https:\/\/it.linkedin.com\/company\/b&b-dental","https:\/\/www.youtube.com\/user\/BeBDental\/videos"]}]}},"_links":{"self":[{"href":"https:\/\/busy-hofstadter.185-221-172-230.plesk.page\/es\/wp-json\/wp\/v2\/pages\/2507","targetHints":{"allow":["GET"]}}],"collection":[{"href":"https:\/\/busy-hofstadter.185-221-172-230.plesk.page\/es\/wp-json\/wp\/v2\/pages"}],"about":[{"href":"https:\/\/busy-hofstadter.185-221-172-230.plesk.page\/es\/wp-json\/wp\/v2\/types\/page"}],"author":[{"embeddable":true,"href":"https:\/\/busy-hofstadter.185-221-172-230.plesk.page\/es\/wp-json\/wp\/v2\/users\/1"}],"replies":[{"embeddable":true,"href":"https:\/\/busy-hofstadter.185-221-172-230.plesk.page\/es\/wp-json\/wp\/v2\/comments?post=2507"}],"version-history":[{"count":0,"href":"https:\/\/busy-hofstadter.185-221-172-230.plesk.page\/es\/wp-json\/wp\/v2\/pages\/2507\/revisions"}],"wp:attachment":[{"href":"https:\/\/busy-hofstadter.185-221-172-230.plesk.page\/es\/wp-json\/wp\/v2\/media?parent=2507"}],"curies":[{"name":"wp","href":"https:\/\/api.w.org\/{rel}","templated":true}]}}